{"id":360,"date":"2024-04-07T20:30:39","date_gmt":"2024-04-07T23:30:39","guid":{"rendered":"https:\/\/afclinodontologia.com\/?page_id=360"},"modified":"2024-04-24T13:16:30","modified_gmt":"2024-04-24T16:16:30","slug":"especialistas","status":"publish","type":"page","link":"https:\/\/afclinodontologia.com\/home\/especialistas\/","title":{"rendered":"Especialistas"},"content":{"rendered":"\t\t<div data-elementor-type=\"wp-page\" data-elementor-id=\"360\" class=\"elementor elementor-360\">\n\t\t\t\t\t\t<section class=\"elementor-section elementor-top-section elementor-element elementor-element-de06364 elementor-section-boxed elementor-section-height-default elementor-section-height-default\" data-id=\"de06364\" data-element_type=\"section\" data-settings=\"{&quot;background_background&quot;:&quot;classic&quot;}\">\n\t\t\t\t\t\t<div class=\"elementor-container elementor-column-gap-default\">\n\t\t\t\t\t<div class=\"elementor-column elementor-col-50 elementor-top-column elementor-element elementor-element-8a93d6e\" data-id=\"8a93d6e\" data-element_type=\"column\">\n\t\t\t<div class=\"elementor-widget-wrap elementor-element-populated\">\n\t\t\t\t\t\t<div class=\"elementor-element elementor-element-b728afe elementor-widget elementor-widget-image\" data-id=\"b728afe\" data-element_type=\"widget\" data-widget_type=\"image.default\">\n\t\t\t\t\t\t\t\t\t\t\t\t\t\t\t<img decoding=\"async\" src=\"https:\/\/afclinodontologia.com\/wp-content\/uploads\/elementor\/thumbs\/WhatsApp-Image-2024-03-25-at-12.52.22-3-scaled-qm8jpszw7udidro2gmv1sw0qviq1nuupekzqjo86tk.jpeg\" title=\"WhatsApp Image 2024-03-25 at 12.52.22 (3)\" alt=\"WhatsApp Image 2024-03-25 at 12.52.22 (3)\" loading=\"lazy\" \/>\t\t\t\t\t\t\t\t\t\t\t\t\t\t\t<\/div>\n\t\t\t\t\t<\/div>\n\t\t<\/div>\n\t\t\t\t<div class=\"elementor-column elementor-col-50 elementor-top-column elementor-element elementor-element-fb1b163 elementor-invisible\" data-id=\"fb1b163\" data-element_type=\"column\" data-settings=\"{&quot;animation&quot;:&quot;fadeInUp&quot;}\">\n\t\t\t<div class=\"elementor-widget-wrap elementor-element-populated\">\n\t\t\t\t\t\t<div class=\"elementor-element elementor-element-8a73144 elementor-widget elementor-widget-heading\" data-id=\"8a73144\" data-element_type=\"widget\" data-widget_type=\"heading.default\">\n\t\t\t\t\t<h2 class=\"elementor-heading-title elementor-size-default\">Dra. Aline Fajoni<\/h2>\t\t\t\t<\/div>\n\t\t\t\t<div class=\"elementor-element elementor-element-e19a91f elementor-widget elementor-widget-text-editor\" data-id=\"e19a91f\" data-element_type=\"widget\" data-widget_type=\"text-editor.default\">\n\t\t\t\t\t\t\t\t\t<p>CRO\/SP: 120.087<\/p>\t\t\t\t\t\t\t\t<\/div>\n\t\t\t\t<div class=\"elementor-element elementor-element-51272bf elementor-widget elementor-widget-text-editor\" data-id=\"51272bf\" data-element_type=\"widget\" data-widget_type=\"text-editor.default\">\n\t\t\t\t\t\t\t\t\t<p>Dra. Aline Fajoni \u00e9 a fundadora e idealizadora da AFCLIN, uma dentista apaixonada pela sa\u00fade bucal e bem-estar dos seus pacientes.<\/p><p>Formada em Odontologia pela Universidade de S\u00e3o Paulo (USP) em 2016, \u00e9 especialista em Ortodontia pela Sociedade Paulista de Ortodontia (SPO).<\/p><p>Grande experi\u00eancia em tratamentos em adultos e crian\u00e7as, cl\u00ednica geral, pr\u00f3teses e coroas.<\/p><p>Com anos de experi\u00eancia e dedica\u00e7\u00e3o \u00e0 profiss\u00e3o, Dra. Aline \u00e9 especializada em proporcionar cuidados odontol\u00f3gicos de qualidade, focados na preven\u00e7\u00e3o, tratamento e est\u00e9tica dent\u00e1ria.<\/p><p>Ela possui um compromisso com a excel\u00eancia e o atendimento personalizado fazem dela a melhor escolha para o seu sorriso.\u00a0<\/p><p>Sua cl\u00ednica oferece um ambiente acolhedor e equipamentos modernos, garantindo uma experi\u00eancia agrad\u00e1vel em cada visita.<\/p>\t\t\t\t\t\t\t\t<\/div>\n\t\t\t\t\t<\/div>\n\t\t<\/div>\n\t\t\t\t\t<\/div>\n\t\t<\/section>\n\t\t\t\t<section class=\"elementor-section elementor-top-section elementor-element elementor-element-583b5d8 elementor-section-boxed elementor-section-height-default elementor-section-height-default\" data-id=\"583b5d8\" data-element_type=\"section\" data-settings=\"{&quot;background_background&quot;:&quot;classic&quot;}\">\n\t\t\t\t\t\t<div class=\"elementor-container elementor-column-gap-default\">\n\t\t\t\t\t<div class=\"elementor-column elementor-col-100 elementor-top-column elementor-element elementor-element-3a58e8f\" data-id=\"3a58e8f\" data-element_type=\"column\">\n\t\t\t<div class=\"elementor-widget-wrap elementor-element-populated\">\n\t\t\t\t\t\t<div class=\"elementor-element elementor-element-087dd4d elementor-widget-divider--separator-type-pattern elementor-widget-divider--no-spacing elementor-widget-divider--view-line elementor-widget elementor-widget-divider\" data-id=\"087dd4d\" data-element_type=\"widget\" data-widget_type=\"divider.default\">\n\t\t\t\t\t\t\t<div class=\"elementor-divider\" style=\"--divider-pattern-url: url(&quot;data:image\/svg+xml,%3Csvg xmlns=&#039;http:\/\/www.w3.org\/2000\/svg&#039; preserveAspectRatio=&#039;xMidYMid meet&#039; overflow=&#039;visible&#039; height=&#039;100%&#039; viewBox=&#039;0 0 126 26&#039; fill=&#039;black&#039; stroke=&#039;none&#039;%3E%3Cpath d=&#039;M46.8,7.8v11.5L36,18.6V7.8H46.8z M82.4,7.8L84,18.6l-12,0.7L70.4,7.8H82.4z M0,7.8l12,0.9v9.9H1.3L0,7.8z M30,7.8v10.8H19L18,7.8H30z M63.7,7.8L66,18.6H54V9.5L63.7,7.8z M89.8,7L102,7.8v10.8H91.2L89.8,7zM108,7.8l12,0.9v8.9l-12,1V7.8z&#039;\/%3E%3C\/svg%3E&quot;);\">\n\t\t\t<span class=\"elementor-divider-separator\">\n\t\t\t\t\t\t<\/span>\n\t\t<\/div>\n\t\t\t\t\t\t<\/div>\n\t\t\t\t\t<\/div>\n\t\t<\/div>\n\t\t\t\t\t<\/div>\n\t\t<\/section>\n\t\t\t\t<section class=\"elementor-section elementor-top-section elementor-element elementor-element-0001f90 elementor-reverse-mobile elementor-section-boxed elementor-section-height-default elementor-section-height-default\" data-id=\"0001f90\" data-element_type=\"section\" data-settings=\"{&quot;background_background&quot;:&quot;classic&quot;}\">\n\t\t\t\t\t\t<div class=\"elementor-container elementor-column-gap-default\">\n\t\t\t\t\t<div class=\"elementor-column elementor-col-50 elementor-top-column elementor-element elementor-element-cb90a6b elementor-invisible\" data-id=\"cb90a6b\" data-element_type=\"column\" data-settings=\"{&quot;motion_fx_motion_fx_mouse&quot;:&quot;yes&quot;,&quot;animation&quot;:&quot;fadeInUp&quot;}\">\n\t\t\t<div class=\"elementor-widget-wrap elementor-element-populated\">\n\t\t\t\t\t\t<div class=\"elementor-element elementor-element-4989923 elementor-widget elementor-widget-heading\" data-id=\"4989923\" data-element_type=\"widget\" data-widget_type=\"heading.default\">\n\t\t\t\t\t<h2 class=\"elementor-heading-title elementor-size-default\">Dra. C\u00ednthia Carrare<\/h2>\t\t\t\t<\/div>\n\t\t\t\t<div class=\"elementor-element elementor-element-f080708 elementor-widget elementor-widget-text-editor\" data-id=\"f080708\" data-element_type=\"widget\" data-widget_type=\"text-editor.default\">\n\t\t\t\t\t\t\t\t\t<p>Formada em Odontologia pela Universidade de S\u00e3o Paulo (USP) em 2016, especialista em Implantodontia e Pr\u00f3tese Dent\u00e1ria.<\/p><p>Grande experi\u00eancia na \u00e1rea de implantes dent\u00e1rios, enxertos, reabilita\u00e7\u00f5es orais, pr\u00f3teses, facetas, lentes de contato, est\u00e9tica dental, laserterapia, al\u00e9m de harmoniza\u00e7\u00e3o orofacial.<\/p><p>Atualmente tamb\u00e9m \u00e9 Professora Assistente no curso de Especializa\u00e7\u00e3o em Implantodontia da APCD.<\/p>\t\t\t\t\t\t\t\t<\/div>\n\t\t\t\t\t<\/div>\n\t\t<\/div>\n\t\t\t\t<div class=\"elementor-column elementor-col-50 elementor-top-column elementor-element elementor-element-0c240db\" data-id=\"0c240db\" data-element_type=\"column\">\n\t\t\t<div class=\"elementor-widget-wrap elementor-element-populated\">\n\t\t\t\t\t\t<div class=\"elementor-element elementor-element-9e538b2 elementor-widget elementor-widget-image\" data-id=\"9e538b2\" data-element_type=\"widget\" data-widget_type=\"image.default\">\n\t\t\t\t\t\t\t\t\t\t\t\t\t\t\t<img decoding=\"async\" src=\"https:\/\/afclinodontologia.com\/wp-content\/uploads\/elementor\/thumbs\/Ft-professional--qmilxf2heomewmwia2v4ndzin84osb7o6obrlm9h1k.jpg\" title=\"Ft professional\" alt=\"Ft professional\" loading=\"lazy\" \/>\t\t\t\t\t\t\t\t\t\t\t\t\t\t\t<\/div>\n\t\t\t\t\t<\/div>\n\t\t<\/div>\n\t\t\t\t\t<\/div>\n\t\t<\/section>\n\t\t\t\t<section class=\"elementor-section elementor-top-section elementor-element elementor-element-2f3e7f4 elementor-section-boxed elementor-section-height-default elementor-section-height-default\" data-id=\"2f3e7f4\" data-element_type=\"section\" data-settings=\"{&quot;background_background&quot;:&quot;classic&quot;}\">\n\t\t\t\t\t\t<div class=\"elementor-container elementor-column-gap-default\">\n\t\t\t\t\t<div class=\"elementor-column elementor-col-100 elementor-top-column elementor-element elementor-element-f07212b\" data-id=\"f07212b\" data-element_type=\"column\">\n\t\t\t<div class=\"elementor-widget-wrap elementor-element-populated\">\n\t\t\t\t\t\t<div class=\"elementor-element elementor-element-76358f5 elementor-widget-divider--separator-type-pattern elementor-widget-divider--no-spacing elementor-widget-divider--view-line elementor-widget elementor-widget-divider\" data-id=\"76358f5\" data-element_type=\"widget\" data-widget_type=\"divider.default\">\n\t\t\t\t\t\t\t<div class=\"elementor-divider\" style=\"--divider-pattern-url: url(&quot;data:image\/svg+xml,%3Csvg xmlns=&#039;http:\/\/www.w3.org\/2000\/svg&#039; preserveAspectRatio=&#039;xMidYMid meet&#039; overflow=&#039;visible&#039; height=&#039;100%&#039; viewBox=&#039;0 0 126 26&#039; fill=&#039;black&#039; stroke=&#039;none&#039;%3E%3Cpath d=&#039;M46.8,7.8v11.5L36,18.6V7.8H46.8z M82.4,7.8L84,18.6l-12,0.7L70.4,7.8H82.4z M0,7.8l12,0.9v9.9H1.3L0,7.8z M30,7.8v10.8H19L18,7.8H30z M63.7,7.8L66,18.6H54V9.5L63.7,7.8z M89.8,7L102,7.8v10.8H91.2L89.8,7zM108,7.8l12,0.9v8.9l-12,1V7.8z&#039;\/%3E%3C\/svg%3E&quot;);\">\n\t\t\t<span class=\"elementor-divider-separator\">\n\t\t\t\t\t\t<\/span>\n\t\t<\/div>\n\t\t\t\t\t\t<\/div>\n\t\t\t\t\t<\/div>\n\t\t<\/div>\n\t\t\t\t\t<\/div>\n\t\t<\/section>\n\t\t\t\t<section class=\"elementor-section elementor-top-section elementor-element elementor-element-5ec2ff6 elementor-section-boxed elementor-section-height-default elementor-section-height-default\" data-id=\"5ec2ff6\" data-element_type=\"section\" data-settings=\"{&quot;background_background&quot;:&quot;classic&quot;}\">\n\t\t\t\t\t\t<div class=\"elementor-container elementor-column-gap-default\">\n\t\t\t\t\t<div class=\"elementor-column elementor-col-50 elementor-top-column elementor-element elementor-element-2e7db67\" data-id=\"2e7db67\" data-element_type=\"column\">\n\t\t\t<div class=\"elementor-widget-wrap elementor-element-populated\">\n\t\t\t\t\t\t<div class=\"elementor-element elementor-element-5db79a5 elementor-widget elementor-widget-image\" data-id=\"5db79a5\" data-element_type=\"widget\" data-widget_type=\"image.default\">\n\t\t\t\t\t\t\t\t\t\t\t\t\t\t\t<img decoding=\"async\" src=\"https:\/\/afclinodontologia.com\/wp-content\/uploads\/elementor\/thumbs\/WhatsApp-Image-2024-04-12-at-15.07.17-e1713304273576-qmtb8ckgzmvpk4losd5u7lvbxy2ujuug9eobghp288.jpeg\" title=\"WhatsApp Image 2024-04-12 at 15.07.17\" alt=\"WhatsApp Image 2024-04-12 at 15.07.17\" loading=\"lazy\" \/>\t\t\t\t\t\t\t\t\t\t\t\t\t\t\t<\/div>\n\t\t\t\t\t<\/div>\n\t\t<\/div>\n\t\t\t\t<div class=\"elementor-column elementor-col-50 elementor-top-column elementor-element elementor-element-3447768 elementor-invisible\" data-id=\"3447768\" data-element_type=\"column\" data-settings=\"{&quot;animation&quot;:&quot;fadeInUp&quot;}\">\n\t\t\t<div class=\"elementor-widget-wrap elementor-element-populated\">\n\t\t\t\t\t\t<div class=\"elementor-element elementor-element-3bc7f6a elementor-widget elementor-widget-heading\" data-id=\"3bc7f6a\" data-element_type=\"widget\" data-widget_type=\"heading.default\">\n\t\t\t\t\t<h2 class=\"elementor-heading-title elementor-size-default\">Dr. Esdras Fa\u00e7anha<\/h2>\t\t\t\t<\/div>\n\t\t\t\t<div class=\"elementor-element elementor-element-2a866da elementor-widget elementor-widget-text-editor\" data-id=\"2a866da\" data-element_type=\"widget\" data-widget_type=\"text-editor.default\">\n\t\t\t\t\t\t\t\t\t<p>Cirurgi\u00e3o Buco-Maxilo-Facial pelo Hospital das Cl\u00ednicas da Faculdade de Medicina da Universidade de S\u00e3o Paulo FM-USP\/CFO.<\/p><p>Graduado, Especialista e Mestre em Cirurgia e Traumatologia Bucomaxilofaciais pela USP.<\/p><p>Atualmente \u00e9 membro do corpo cl\u00ednico e respons\u00e1vel pela retaguarda do pronto socorro do Hospital Santa Catarina &#8211; Paulista em CTBMF al\u00e9m de assistente do servi\u00e7o de Cirurgia e Traumatologia Bucomaxilofaciais no Hospital Municipal Arthur Ribeiro de Saboya (SPDM\/PAIS).<\/p><p>Grande experi\u00eancia em tratamento dos dentes do siso e implantes dent\u00e1rios.<\/p>\t\t\t\t\t\t\t\t<\/div>\n\t\t\t\t\t<\/div>\n\t\t<\/div>\n\t\t\t\t\t<\/div>\n\t\t<\/section>\n\t\t\t\t<section class=\"elementor-section elementor-top-section elementor-element elementor-element-7075d41 elementor-section-full_width elementor-section-height-default elementor-section-height-default\" data-id=\"7075d41\" data-element_type=\"section\">\n\t\t\t\t\t\t<div class=\"elementor-container elementor-column-gap-no\">\n\t\t\t\t\t<div class=\"elementor-column elementor-col-100 elementor-top-column elementor-element elementor-element-754d3fe\" data-id=\"754d3fe\" data-element_type=\"column\">\n\t\t\t<div class=\"elementor-widget-wrap elementor-element-populated\">\n\t\t\t\t\t\t<div class=\"elementor-element elementor-element-3269cd0 elementor-widget-divider--view-line elementor-widget elementor-widget-divider\" data-id=\"3269cd0\" data-element_type=\"widget\" data-widget_type=\"divider.default\">\n\t\t\t\t\t\t\t<div class=\"elementor-divider\">\n\t\t\t<span class=\"elementor-divider-separator\">\n\t\t\t\t\t\t<\/span>\n\t\t<\/div>\n\t\t\t\t\t\t<\/div>\n\t\t\t\t\t<\/div>\n\t\t<\/div>\n\t\t\t\t\t<\/div>\n\t\t<\/section>\n\t\t\t\t<\/div>\n\t\t","protected":false},"excerpt":{"rendered":"<p>Dra. Aline Fajoni CRO\/SP: 120.087 Dra. Aline Fajoni \u00e9 a fundadora e idealizadora da AFCLIN, uma dentista apaixonada pela sa\u00fade bucal e bem-estar dos seus pacientes. Formada em Odontologia pela Universidade de S\u00e3o Paulo (USP) em 2016, \u00e9 especialista em Ortodontia pela Sociedade Paulista de Ortodontia (SPO). Grande experi\u00eancia em tratamentos em adultos e crian\u00e7as, [&hellip;]<\/p>\n","protected":false},"author":1,"featured_media":0,"parent":0,"menu_order":0,"comment_status":"closed","ping_status":"closed","template":"elementor_header_footer","meta":{"footnotes":""},"class_list":["post-360","page","type-page","status-publish","hentry"],"_links":{"self":[{"href":"https:\/\/afclinodontologia.com\/home\/wp-json\/wp\/v2\/pages\/360","targetHints":{"allow":["GET"]}}],"collection":[{"href":"https:\/\/afclinodontologia.com\/home\/wp-json\/wp\/v2\/pages"}],"about":[{"href":"https:\/\/afclinodontologia.com\/home\/wp-json\/wp\/v2\/types\/page"}],"author":[{"embeddable":true,"href":"https:\/\/afclinodontologia.com\/home\/wp-json\/wp\/v2\/users\/1"}],"replies":[{"embeddable":true,"href":"https:\/\/afclinodontologia.com\/home\/wp-json\/wp\/v2\/comments?post=360"}],"version-history":[{"count":70,"href":"https:\/\/afclinodontologia.com\/home\/wp-json\/wp\/v2\/pages\/360\/revisions"}],"predecessor-version":[{"id":837,"href":"https:\/\/afclinodontologia.com\/home\/wp-json\/wp\/v2\/pages\/360\/revisions\/837"}],"wp:attachment":[{"href":"https:\/\/afclinodontologia.com\/home\/wp-json\/wp\/v2\/media?parent=360"}],"curies":[{"name":"wp","href":"https:\/\/api.w.org\/{rel}","templated":true}]}}